

{"id":688,"date":"2019-12-04T11:33:05","date_gmt":"2019-12-04T11:33:05","guid":{"rendered":"http:\/\/transparencia.algemesi.es\/?page_id=688"},"modified":"2020-02-11T09:54:21","modified_gmt":"2020-02-11T09:54:21","slug":"formacio-municipal","status":"publish","type":"page","link":"https:\/\/transparencia.algemesi.es\/?page_id=688","title":{"rendered":"Factura-e: com fer una factura electr\u00f2nica"},"content":{"rendered":"<p>El 13 de febrer tindr\u00e0 lloc una jornada informativa on s&#8217;explicar\u00e0 com poder fer una factura electr\u00f2nica amb Factura-e.<\/p>\n<p>Tancat el termini d&#8217;incripcions.<\/p>\n<p style=\"padding-left: 30px;\">Lloc: Aula de formaci\u00f3 del teatre municipal<br \/>\nDirecci\u00f3n: Carrer de Lepanto, 3, 46680 Algemes\u00ed, Valencia<br \/>\nTel\u00e9fono: 962 01 81 34<\/p>\n<p>Qualsevol dubte cal contactar al correu \u00ab<a href=\"mailto:informatica@algemesi.net\">informatica@algemesi.net<\/a><\/p>\n<p>&nbsp;<\/p>\n","protected":false},"excerpt":{"rendered":"<p>El 13 de febrer tindr\u00e0 lloc una jornada informativa on s&#8217;explicar\u00e0 com poder fer una factura electr\u00f2nica amb Factura-e. Tancat el termini d&#8217;incripcions. Lloc: Aula de formaci\u00f3 del teatre municipal Direcci\u00f3n: Carrer de Lepanto, 3, 46680 Algemes\u00ed, Valencia Tel\u00e9fono: 962 01 81 34 Qualsevol dubte cal contactar al correu \u00abinformatica@algemesi.net &nbsp;<\/p>\n","protected":false},"author":11,"featured_media":0,"parent":0,"menu_order":0,"comment_status":"closed","ping_status":"closed","template":"","meta":{"footnotes":""},"class_list":["post-688","page","type-page","status-publish","hentry"],"_links":{"self":[{"href":"https:\/\/transparencia.algemesi.es\/index.php?rest_route=\/wp\/v2\/pages\/688","targetHints":{"allow":["GET"]}}],"collection":[{"href":"https:\/\/transparencia.algemesi.es\/index.php?rest_route=\/wp\/v2\/pages"}],"about":[{"href":"https:\/\/transparencia.algemesi.es\/index.php?rest_route=\/wp\/v2\/types\/page"}],"author":[{"embeddable":true,"href":"https:\/\/transparencia.algemesi.es\/index.php?rest_route=\/wp\/v2\/users\/11"}],"replies":[{"embeddable":true,"href":"https:\/\/transparencia.algemesi.es\/index.php?rest_route=%2Fwp%2Fv2%2Fcomments&post=688"}],"version-history":[{"count":19,"href":"https:\/\/transparencia.algemesi.es\/index.php?rest_route=\/wp\/v2\/pages\/688\/revisions"}],"predecessor-version":[{"id":827,"href":"https:\/\/transparencia.algemesi.es\/index.php?rest_route=\/wp\/v2\/pages\/688\/revisions\/827"}],"wp:attachment":[{"href":"https:\/\/transparencia.algemesi.es\/index.php?rest_route=%2Fwp%2Fv2%2Fmedia&parent=688"}],"curies":[{"name":"wp","href":"https:\/\/api.w.org\/{rel}","templated":true}]}}