

{"id":660,"date":"2018-12-21T09:59:26","date_gmt":"2018-12-21T09:59:26","guid":{"rendered":"http:\/\/transparencia.algemesi.es\/?page_id=660"},"modified":"2018-12-21T09:59:26","modified_gmt":"2018-12-21T09:59:26","slug":"plans-no-urbanistics","status":"publish","type":"page","link":"https:\/\/transparencia.algemesi.es\/?page_id=660","title":{"rendered":"Plans no Urban\u00edstics"},"content":{"rendered":"<div class=\"fusion-fullwidth fullwidth-box fusion-fullwidth-1  fusion-parallax-none nonhundred-percent-fullwidth\" style=\"border-color:#eae9e9;border-bottom-width: 0px;border-top-width: 0px;border-bottom-style: solid;border-top-style: solid;padding-bottom:50px;padding-top:50px;padding-left:0px;padding-right:0px;background-position:center center;background-repeat:no-repeat;-webkit-background-size:cover;-moz-background-size:cover;-o-background-size:cover;background-size:cover;-ms-filter: &quot;progid:DXImageTransform.Microsoft.AlphaImageLoader(src=&#039;http:\/\/transparencia.algemesi.es\/wp-content\/uploads\/2015\/06\/imagen_JuridicoLABORAL1-300x95.jpg&#039;, sizingMethod=&#039;scale&#039;)&quot;;background-image: url(http:\/\/transparencia.algemesi.es\/wp-content\/uploads\/2015\/06\/imagen_JuridicoLABORAL1-300x95.jpg);\"><style type=\"text\/css\" scoped=\"scoped\">.fusion-fullwidth-1 {\n                            padding-left: 0px !important;\n                            padding-right: 0px !important;\n                        }<\/style><div class=\"fusion-row\"><h1 style=\"text-align: center;\"><span style=\"color: #ffffff;\">Plans no Urban\u00edstics<\/span><\/h1>\n<\/div><\/div><div class=\"accordian fusion-accordian\"><div class=\"panel-group\" id=\"accordion-660-1\"><div class=\"fusion-panel panel-default\"><div class=\"panel-heading\"><h4 class=\"panel-title toggle\"><a data-toggle=\"collapse\" data-parent=\"#accordion-660-1\" data-target=\"#a3a0dfaf2e9cf8d3f\" href=\"#a3a0dfaf2e9cf8d3f\"><div class=\"fusion-toggle-icon-wrapper\"><i class=\"fa-fusion-box\"><\/i><\/div><div class=\"fusion-toggle-heading\">Plans no urban\u00edstics<\/div><\/a><\/h4><\/div><div id=\"a3a0dfaf2e9cf8d3f\" class=\"panel-collapse collapse \"><div class=\"panel-body toggle-content\">\n\n\n\n\n<html lang=\"en\">\n<head>\n<meta http-equiv=\"Content-Type\" content=\"text\/html; charset=UTF-8\">\n\t\n<\/head>\n\n\n\n<body>\n\n \n\n\t\t\n\n\t\t\n\t\t\t<script>\n\t\t\tfunction abrir(codigo) { \n\t\t\t\twindow.open (\"https:\/\/sede.algemesi.es\/\/eAdmin\/\/ValidarDocumento.do?id_Documento=\"+codigo+\"&tipo=doc\",\"_blank\",\"toolbar=0,scrollbars=1,location=1,directories=0,status=1,menubar=0,scrollbars=0,resizable=1,width=1000,height=400\"); \n\t\t\t}\t\n\t\t\t<\/script>\n\t\t\t\n\t\t\t<!-- *************  LISTA DE DOCUMENTOS  ************************ -->\n\t\t\t<!-- \n\t\t\t\n\t\t\t<div class=\"reading-box\" style=\"background-color:#fff;border-width:1px;border-color:#ededed;border-top-width:1px;border-top-color:#a0ce4e;border-style:solid;\">\n\t\t\t   <a class=\"button fusion-button button-default button-round fusion-button-large button-large button-flat continue continue-right\" style=\"-webkit-box-shadow:none;-moz-box-shadow:none;box-shadow:none;\" href=\"javascript:abrir('xa2M2Um98jg=')\" target=\"_self\"><span>ver documento<\/span><\/a>\n\t\t\t   <h2 data-lineheight=\"27\" data-fontsize=\"18\"><i class=\"fa fa-file\" style=\"color:#000000;\"><\/i>&nbsp;&nbsp;&nbsp; Pla de Contractaci\u00f3 exercici 2026<\/h2>\n\t\t\t   <div class=\"reading-box-description\">&nbsp;&nbsp;&nbsp;&nbsp;&nbsp;&nbsp;&nbsp;&nbsp;&nbsp;Pla anual de contractaci\u00f3 corresponent a l&#39;exercici 2026<\/div>\n\t\t\t<\/div>\n\t\t\t\n\t\t\t<div class=\"reading-box\" style=\"background-color:#fff;border-width:1px;border-color:#ededed;border-top-width:1px;border-top-color:#a0ce4e;border-style:solid;\">\n\t\t\t   <a class=\"button fusion-button button-default button-round fusion-button-large button-large button-flat continue continue-right\" style=\"-webkit-box-shadow:none;-moz-box-shadow:none;box-shadow:none;\" href=\"javascript:abrir('0oCrKjBc\/30=')\" target=\"_self\"><span>ver documento<\/span><\/a>\n\t\t\t   <h2 data-lineheight=\"27\" data-fontsize=\"18\"><i class=\"fa fa-file\" style=\"color:#000000;\"><\/i>&nbsp;&nbsp;&nbsp; Pla Contractaci\u00f3 2026. Modificaci\u00f3 n\u00famero 1<\/h2>\n\t\t\t   <div class=\"reading-box-description\">&nbsp;&nbsp;&nbsp;&nbsp;&nbsp;&nbsp;&nbsp;&nbsp;&nbsp;Pla Contractaci\u00f3 2026. Modificaci\u00f3 n\u00famero 1<\/div>\n\t\t\t<\/div>\n\t\t\t\n\t\t\t<div class=\"reading-box\" style=\"background-color:#fff;border-width:1px;border-color:#ededed;border-top-width:1px;border-top-color:#a0ce4e;border-style:solid;\">\n\t\t\t   <a class=\"button fusion-button button-default button-round fusion-button-large button-large button-flat continue continue-right\" style=\"-webkit-box-shadow:none;-moz-box-shadow:none;box-shadow:none;\" href=\"javascript:abrir('h5iXpJmwl1k=')\" target=\"_self\"><span>ver documento<\/span><\/a>\n\t\t\t   <h2 data-lineheight=\"27\" data-fontsize=\"18\"><i class=\"fa fa-file\" style=\"color:#000000;\"><\/i>&nbsp;&nbsp;&nbsp; PLA NORMATIU AJUNTAMENT ALGEMESI 2026<\/h2>\n\t\t\t   <div class=\"reading-box-description\">&nbsp;&nbsp;&nbsp;&nbsp;&nbsp;&nbsp;&nbsp;&nbsp;&nbsp;Pla Anual Normatiu per a l&#39;exercici 2026<\/div>\n\t\t\t<\/div>\n\t\t\t\n\t\t\t<div class=\"reading-box\" style=\"background-color:#fff;border-width:1px;border-color:#ededed;border-top-width:1px;border-top-color:#a0ce4e;border-style:solid;\">\n\t\t\t   <a class=\"button fusion-button button-default button-round fusion-button-large button-large button-flat continue continue-right\" style=\"-webkit-box-shadow:none;-moz-box-shadow:none;box-shadow:none;\" href=\"javascript:abrir('rtpO7NEWlQ4=')\" target=\"_self\"><span>ver documento<\/span><\/a>\n\t\t\t   <h2 data-lineheight=\"27\" data-fontsize=\"18\"><i class=\"fa fa-file\" style=\"color:#000000;\"><\/i>&nbsp;&nbsp;&nbsp; II Pla intern igualtat Algemes\u00ed 2023-2027<\/h2>\n\t\t\t   <div class=\"reading-box-description\">&nbsp;&nbsp;&nbsp;&nbsp;&nbsp;&nbsp;&nbsp;&nbsp;&nbsp;II PLA D&#39;IGUALTAT INTERN DE L&#39;AJUNTAMENT D&#39;ALGEMES\u00cd (2023-2027)<\/div>\n\t\t\t<\/div>\n\t\t\t\n\t\t\t<div class=\"reading-box\" style=\"background-color:#fff;border-width:1px;border-color:#ededed;border-top-width:1px;border-top-color:#a0ce4e;border-style:solid;\">\n\t\t\t   <a class=\"button fusion-button button-default button-round fusion-button-large button-large button-flat continue continue-right\" style=\"-webkit-box-shadow:none;-moz-box-shadow:none;box-shadow:none;\" href=\"javascript:abrir('IUfeLp9xUlU=')\" target=\"_self\"><span>ver documento<\/span><\/a>\n\t\t\t   <h2 data-lineheight=\"27\" data-fontsize=\"18\"><i class=\"fa fa-file\" style=\"color:#000000;\"><\/i>&nbsp;&nbsp;&nbsp; Pla mesures antifrau 2023<\/h2>\n\t\t\t   <div class=\"reading-box-description\">&nbsp;&nbsp;&nbsp;&nbsp;&nbsp;&nbsp;&nbsp;&nbsp;&nbsp;<\/div>\n\t\t\t<\/div>\n\t\t\t\n\t\t\t<div class=\"reading-box\" style=\"background-color:#fff;border-width:1px;border-color:#ededed;border-top-width:1px;border-top-color:#a0ce4e;border-style:solid;\">\n\t\t\t   <a class=\"button fusion-button button-default button-round fusion-button-large button-large button-flat continue continue-right\" style=\"-webkit-box-shadow:none;-moz-box-shadow:none;box-shadow:none;\" href=\"javascript:abrir('x1FOJ+t9O\/Y=')\" target=\"_self\"><span>ver documento<\/span><\/a>\n\t\t\t   <h2 data-lineheight=\"27\" data-fontsize=\"18\"><i class=\"fa fa-file\" style=\"color:#000000;\"><\/i>&nbsp;&nbsp;&nbsp; ACORD PLE  PLA ESTRAT\u00c8GIC DE SERVEIS SOCIALS ALGEMESI<\/h2>\n\t\t\t   <div class=\"reading-box-description\">&nbsp;&nbsp;&nbsp;&nbsp;&nbsp;&nbsp;&nbsp;&nbsp;&nbsp;<\/div>\n\t\t\t<\/div>\n\t\t\t\n\t\t\t<div class=\"reading-box\" style=\"background-color:#fff;border-width:1px;border-color:#ededed;border-top-width:1px;border-top-color:#a0ce4e;border-style:solid;\">\n\t\t\t   <a class=\"button fusion-button button-default button-round fusion-button-large button-large button-flat continue continue-right\" style=\"-webkit-box-shadow:none;-moz-box-shadow:none;box-shadow:none;\" href=\"javascript:abrir('bAOssftv2pc=')\" target=\"_self\"><span>ver documento<\/span><\/a>\n\t\t\t   <h2 data-lineheight=\"27\" data-fontsize=\"18\"><i class=\"fa fa-file\" style=\"color:#000000;\"><\/i>&nbsp;&nbsp;&nbsp; PLA ESTRATEGIC DE SERVEIS SOCIALS AJUNTAMENT ALGEMESI<\/h2>\n\t\t\t   <div class=\"reading-box-description\">&nbsp;&nbsp;&nbsp;&nbsp;&nbsp;&nbsp;&nbsp;&nbsp;&nbsp;<\/div>\n\t\t\t<\/div>\n\t\t\t\n\t\t\t<div class=\"reading-box\" style=\"background-color:#fff;border-width:1px;border-color:#ededed;border-top-width:1px;border-top-color:#a0ce4e;border-style:solid;\">\n\t\t\t   <a class=\"button fusion-button button-default button-round fusion-button-large button-large button-flat continue continue-right\" style=\"-webkit-box-shadow:none;-moz-box-shadow:none;box-shadow:none;\" href=\"javascript:abrir('t4P\/1cKTZw0=')\" target=\"_self\"><span>ver documento<\/span><\/a>\n\t\t\t   <h2 data-lineheight=\"27\" data-fontsize=\"18\"><i class=\"fa fa-file\" style=\"color:#000000;\"><\/i>&nbsp;&nbsp;&nbsp; I Pla d&#39;Igualtat Intern de l&#39;Ajuntament d&#39;Algemes\u00ed<\/h2>\n\t\t\t   <div class=\"reading-box-description\">&nbsp;&nbsp;&nbsp;&nbsp;&nbsp;&nbsp;&nbsp;&nbsp;&nbsp;<\/div>\n\t\t\t<\/div>\n\t\t\t\n\t\t\t<div class=\"reading-box\" style=\"background-color:#fff;border-width:1px;border-color:#ededed;border-top-width:1px;border-top-color:#a0ce4e;border-style:solid;\">\n\t\t\t   <a class=\"button fusion-button button-default button-round fusion-button-large button-large button-flat continue continue-right\" style=\"-webkit-box-shadow:none;-moz-box-shadow:none;box-shadow:none;\" href=\"javascript:abrir('688+\/1no4sE=')\" target=\"_self\"><span>ver documento<\/span><\/a>\n\t\t\t   <h2 data-lineheight=\"27\" data-fontsize=\"18\"><i class=\"fa fa-file\" style=\"color:#000000;\"><\/i>&nbsp;&nbsp;&nbsp; I Pla d&#39;Igualtat Municipal<\/h2>\n\t\t\t   <div class=\"reading-box-description\">&nbsp;&nbsp;&nbsp;&nbsp;&nbsp;&nbsp;&nbsp;&nbsp;&nbsp;<\/div>\n\t\t\t<\/div>\n\t\t\t\n\t\t\t -->\n\t\t\t\n\t\t\t\n\t\t\t\n\t\t\t\t> <a href=\"javascript:abrir('xa2M2Um98jg=')\">Pla de Contractaci\u00f3 exercici 2026<\/a>\n\t\t\t\tPla anual de contractaci\u00f3 corresponent a l&#39;exercici 2026<br\/>\n\t\t\t\n\t\t\t\n\t\t\t\n\t\t\t\n\t\t\t\n\t\t\t\n\t\t\t\n\t\t\t\t> <a href=\"javascript:abrir('0oCrKjBc\/30=')\">Pla Contractaci\u00f3 2026. Modificaci\u00f3 n\u00famero 1<\/a>\n\t\t\t\tPla Contractaci\u00f3 2026. Modificaci\u00f3 n\u00famero 1<br\/>\n\t\t\t\n\t\t\t\n\t\t\t\n\t\t\t\n\t\t\t\n\t\t\t\n\t\t\t\n\t\t\t\t> <a href=\"javascript:abrir('h5iXpJmwl1k=')\">PLA NORMATIU AJUNTAMENT ALGEMESI 2026<\/a>\n\t\t\t\tPla Anual Normatiu per a l&#39;exercici 2026<br\/>\n\t\t\t\n\t\t\t\n\t\t\t\n\t\t\t\n\t\t\t\n\t\t\t\n\t\t\t\n\t\t\t\t> <a href=\"javascript:abrir('rtpO7NEWlQ4=')\">II Pla intern igualtat Algemes\u00ed 2023-2027<\/a>\n\t\t\t\tII PLA D&#39;IGUALTAT INTERN DE L&#39;AJUNTAMENT D&#39;ALGEMES\u00cd (2023-2027)<br\/>\n\t\t\t\n\t\t\t\n\t\t\t\n\t\t\t\n\t\t\t\n\t\t\t\n\t\t\t\n\t\t\t\t> <a href=\"javascript:abrir('IUfeLp9xUlU=')\">Pla mesures antifrau 2023<\/a>\n\t\t\t\t<br\/>\n\t\t\t\n\t\t\t\n\t\t\t\n\t\t\t\n\t\t\t\n\t\t\t\n\t\t\t\n\t\t\t\t> <a href=\"javascript:abrir('x1FOJ+t9O\/Y=')\">ACORD PLE  PLA ESTRAT\u00c8GIC DE SERVEIS SOCIALS ALGEMESI<\/a>\n\t\t\t\t<br\/>\n\t\t\t\n\t\t\t\n\t\t\t\n\t\t\t\n\t\t\t\n\t\t\t\n\t\t\t\n\t\t\t\t> <a href=\"javascript:abrir('bAOssftv2pc=')\">PLA ESTRATEGIC DE SERVEIS SOCIALS AJUNTAMENT ALGEMESI<\/a>\n\t\t\t\t<br\/>\n\t\t\t\n\t\t\t\n\t\t\t\n\t\t\t\n\t\t\t\n\t\t\t\n\t\t\t\n\t\t\t\t> <a href=\"javascript:abrir('t4P\/1cKTZw0=')\">I Pla d&#39;Igualtat Intern de l&#39;Ajuntament d&#39;Algemes\u00ed<\/a>\n\t\t\t\t<br\/>\n\t\t\t\n\t\t\t\n\t\t\t\n\t\t\t\n\t\t\t\n\t\t\t\n\t\t\t\n\t\t\t\t> <a href=\"javascript:abrir('688+\/1no4sE=')\">I Pla d&#39;Igualtat Municipal<\/a>\n\t\t\t\t<br\/>\n\t\t\t\n\t\t\t\n\t\t\t\n\t\t\t\n\t\t\t\n\t\t\t\n\t\t\n\n\t\t\n\n\t\t\n\n\n<\/body>\n<\/html>\n\n\n<\/div><\/div><\/div><\/div><\/div>\n","protected":false},"excerpt":{"rendered":"","protected":false},"author":9,"featured_media":0,"parent":11,"menu_order":0,"comment_status":"closed","ping_status":"closed","template":"","meta":{"footnotes":""},"class_list":["post-660","page","type-page","status-publish","hentry"],"_links":{"self":[{"href":"https:\/\/transparencia.algemesi.es\/index.php?rest_route=\/wp\/v2\/pages\/660","targetHints":{"allow":["GET"]}}],"collection":[{"href":"https:\/\/transparencia.algemesi.es\/index.php?rest_route=\/wp\/v2\/pages"}],"about":[{"href":"https:\/\/transparencia.algemesi.es\/index.php?rest_route=\/wp\/v2\/types\/page"}],"author":[{"embeddable":true,"href":"https:\/\/transparencia.algemesi.es\/index.php?rest_route=\/wp\/v2\/users\/9"}],"replies":[{"embeddable":true,"href":"https:\/\/transparencia.algemesi.es\/index.php?rest_route=%2Fwp%2Fv2%2Fcomments&post=660"}],"version-history":[{"count":11,"href":"https:\/\/transparencia.algemesi.es\/index.php?rest_route=\/wp\/v2\/pages\/660\/revisions"}],"predecessor-version":[{"id":671,"href":"https:\/\/transparencia.algemesi.es\/index.php?rest_route=\/wp\/v2\/pages\/660\/revisions\/671"}],"up":[{"embeddable":true,"href":"https:\/\/transparencia.algemesi.es\/index.php?rest_route=\/wp\/v2\/pages\/11"}],"wp:attachment":[{"href":"https:\/\/transparencia.algemesi.es\/index.php?rest_route=%2Fwp%2Fv2%2Fmedia&parent=660"}],"curies":[{"name":"wp","href":"https:\/\/api.w.org\/{rel}","templated":true}]}}