

{"id":576,"date":"2017-02-10T13:40:50","date_gmt":"2017-02-10T13:40:50","guid":{"rendered":"http:\/\/transparencia.algemesi.es\/?page_id=576"},"modified":"2017-02-23T08:29:53","modified_gmt":"2017-02-23T08:29:53","slug":"circulars-i-instruccions","status":"publish","type":"page","link":"https:\/\/transparencia.algemesi.es\/?page_id=576","title":{"rendered":"Circulars i instruccions"},"content":{"rendered":"<div class=\"fusion-fullwidth fullwidth-box fusion-fullwidth-1  fusion-parallax-none hundred-percent-fullwidth\" style=\"border-color:#eae9e9;border-bottom-width: 0px;border-top-width: 0px;border-bottom-style: solid;border-top-style: solid;padding-bottom:50px;padding-top:50px;padding-left:0px;padding-right:0px;background-position:center center;background-repeat:no-repeat;-webkit-background-size:cover;-moz-background-size:cover;-o-background-size:cover;background-size:cover;-ms-filter: &quot;progid:DXImageTransform.Microsoft.AlphaImageLoader(src=&#039;http:\/\/transparencia.algemesi.es\/wp-content\/uploads\/2015\/06\/imagen_JuridicoLABORAL1-300x95.jpg&#039;, sizingMethod=&#039;scale&#039;)&quot;;background-image: url(http:\/\/transparencia.algemesi.es\/wp-content\/uploads\/2015\/06\/imagen_JuridicoLABORAL1-300x95.jpg);\"><style type=\"text\/css\" scoped=\"scoped\">.fusion-fullwidth-1 {\n                            padding-left: 0px !important;\n                            padding-right: 0px !important;\n                        }<\/style><div class=\"fusion-row\"><h1 style=\"text-align: center;\"><span style=\"color: #ffffff;\">Circulars i instruccions<\/span><\/h1>\n<\/div><\/div><div class=\"accordian fusion-accordian\"><div class=\"panel-group\" id=\"accordion-576-1\"><div class=\"fusion-panel panel-default\"><div class=\"panel-heading\"><h4 class=\"panel-title toggle\"><a data-toggle=\"collapse\" data-parent=\"#accordion-576-1\" data-target=\"#89097fc6697d6d773\" href=\"#89097fc6697d6d773\"><div class=\"fusion-toggle-icon-wrapper\"><i class=\"fa-fusion-box\"><\/i><\/div><div class=\"fusion-toggle-heading\">Circulars i instruccions<\/div><\/a><\/h4><\/div><div id=\"89097fc6697d6d773\" class=\"panel-collapse collapse \"><div class=\"panel-body toggle-content\">\n\n\n\n\n<html lang=\"en\">\n<head>\n<meta http-equiv=\"Content-Type\" content=\"text\/html; charset=UTF-8\">\n\t\n<\/head>\n\n\n\n<body>\n\n \n\n\t\t\n\n\t\t\n\t\t\t<script>\n\t\t\tfunction abrir(codigo) { \n\t\t\t\twindow.open (\"https:\/\/sede.algemesi.es\/\/eAdmin\/\/ValidarDocumento.do?id_Documento=\"+codigo+\"&tipo=doc\",\"_blank\",\"toolbar=0,scrollbars=1,location=1,directories=0,status=1,menubar=0,scrollbars=0,resizable=1,width=1000,height=400\"); \n\t\t\t}\t\n\t\t\t<\/script>\n\t\t\t\n\t\t\t<!-- *************  LISTA DE DOCUMENTOS  ************************ -->\n\t\t\t<!-- \n\t\t\t\n\t\t\t<div class=\"reading-box\" style=\"background-color:#fff;border-width:1px;border-color:#ededed;border-top-width:1px;border-top-color:#a0ce4e;border-style:solid;\">\n\t\t\t   <a class=\"button fusion-button button-default button-round fusion-button-large button-large button-flat continue continue-right\" style=\"-webkit-box-shadow:none;-moz-box-shadow:none;box-shadow:none;\" href=\"javascript:abrir('kwf0OVGPKdU=')\" target=\"_self\"><span>ver documento<\/span><\/a>\n\t\t\t   <h2 data-lineheight=\"27\" data-fontsize=\"18\"><i class=\"fa fa-file\" style=\"color:#000000;\"><\/i>&nbsp;&nbsp;&nbsp; Aprovaci\u00f3 Inicial Instrucci\u00f3 implementaci\u00f3 apps per al pagament de la ORA<\/h2>\n\t\t\t   <div class=\"reading-box-description\">&nbsp;&nbsp;&nbsp;&nbsp;&nbsp;&nbsp;&nbsp;&nbsp;&nbsp;<\/div>\n\t\t\t<\/div>\n\t\t\t\n\t\t\t<div class=\"reading-box\" style=\"background-color:#fff;border-width:1px;border-color:#ededed;border-top-width:1px;border-top-color:#a0ce4e;border-style:solid;\">\n\t\t\t   <a class=\"button fusion-button button-default button-round fusion-button-large button-large button-flat continue continue-right\" style=\"-webkit-box-shadow:none;-moz-box-shadow:none;box-shadow:none;\" href=\"javascript:abrir('j7VG09joOwM=')\" target=\"_self\"><span>ver documento<\/span><\/a>\n\t\t\t   <h2 data-lineheight=\"27\" data-fontsize=\"18\"><i class=\"fa fa-file\" style=\"color:#000000;\"><\/i>&nbsp;&nbsp;&nbsp; 15.01<\/h2>\n\t\t\t   <div class=\"reading-box-description\">&nbsp;&nbsp;&nbsp;&nbsp;&nbsp;&nbsp;&nbsp;&nbsp;&nbsp;Norma criteris comuns per a determinar situacions d&#39;exclusi\u00f3 social-vulnerabilitat <\/div>\n\t\t\t<\/div>\n\t\t\t\n\t\t\t<div class=\"reading-box\" style=\"background-color:#fff;border-width:1px;border-color:#ededed;border-top-width:1px;border-top-color:#a0ce4e;border-style:solid;\">\n\t\t\t   <a class=\"button fusion-button button-default button-round fusion-button-large button-large button-flat continue continue-right\" style=\"-webkit-box-shadow:none;-moz-box-shadow:none;box-shadow:none;\" href=\"javascript:abrir('+AuSLyx1XRc=')\" target=\"_self\"><span>ver documento<\/span><\/a>\n\t\t\t   <h2 data-lineheight=\"27\" data-fontsize=\"18\"><i class=\"fa fa-file\" style=\"color:#000000;\"><\/i>&nbsp;&nbsp;&nbsp; Circular nova llei de protecci\u00f3 de dades_001<\/h2>\n\t\t\t   <div class=\"reading-box-description\">&nbsp;&nbsp;&nbsp;&nbsp;&nbsp;&nbsp;&nbsp;&nbsp;&nbsp;<\/div>\n\t\t\t<\/div>\n\t\t\t\n\t\t\t<div class=\"reading-box\" style=\"background-color:#fff;border-width:1px;border-color:#ededed;border-top-width:1px;border-top-color:#a0ce4e;border-style:solid;\">\n\t\t\t   <a class=\"button fusion-button button-default button-round fusion-button-large button-large button-flat continue continue-right\" style=\"-webkit-box-shadow:none;-moz-box-shadow:none;box-shadow:none;\" href=\"javascript:abrir('uf3hV5Cj\/rE=')\" target=\"_self\"><span>ver documento<\/span><\/a>\n\t\t\t   <h2 data-lineheight=\"27\" data-fontsize=\"18\"><i class=\"fa fa-file\" style=\"color:#000000;\"><\/i>&nbsp;&nbsp;&nbsp; Nomenament Secretari Accidental<\/h2>\n\t\t\t   <div class=\"reading-box-description\">&nbsp;&nbsp;&nbsp;&nbsp;&nbsp;&nbsp;&nbsp;&nbsp;&nbsp;<\/div>\n\t\t\t<\/div>\n\t\t\t\n\t\t\t<div class=\"reading-box\" style=\"background-color:#fff;border-width:1px;border-color:#ededed;border-top-width:1px;border-top-color:#a0ce4e;border-style:solid;\">\n\t\t\t   <a class=\"button fusion-button button-default button-round fusion-button-large button-large button-flat continue continue-right\" style=\"-webkit-box-shadow:none;-moz-box-shadow:none;box-shadow:none;\" href=\"javascript:abrir('9wV5yNoGXh0=')\" target=\"_self\"><span>ver documento<\/span><\/a>\n\t\t\t   <h2 data-lineheight=\"27\" data-fontsize=\"18\"><i class=\"fa fa-file\" style=\"color:#000000;\"><\/i>&nbsp;&nbsp;&nbsp; Circular sobre Incompatibilitats del Personal<\/h2>\n\t\t\t   <div class=\"reading-box-description\">&nbsp;&nbsp;&nbsp;&nbsp;&nbsp;&nbsp;&nbsp;&nbsp;&nbsp;<\/div>\n\t\t\t<\/div>\n\t\t\t\n\t\t\t<div class=\"reading-box\" style=\"background-color:#fff;border-width:1px;border-color:#ededed;border-top-width:1px;border-top-color:#a0ce4e;border-style:solid;\">\n\t\t\t   <a class=\"button fusion-button button-default button-round fusion-button-large button-large button-flat continue continue-right\" style=\"-webkit-box-shadow:none;-moz-box-shadow:none;box-shadow:none;\" href=\"javascript:abrir('+wc2DhswBnc=')\" target=\"_self\"><span>ver documento<\/span><\/a>\n\t\t\t   <h2 data-lineheight=\"27\" data-fontsize=\"18\"><i class=\"fa fa-file\" style=\"color:#000000;\"><\/i>&nbsp;&nbsp;&nbsp; Circular sobre Treballadors Contractats<\/h2>\n\t\t\t   <div class=\"reading-box-description\">&nbsp;&nbsp;&nbsp;&nbsp;&nbsp;&nbsp;&nbsp;&nbsp;&nbsp;<\/div>\n\t\t\t<\/div>\n\t\t\t\n\t\t\t -->\n\t\t\t\n\t\t\t\n\t\t\t\n\t\t\t\t> <a href=\"javascript:abrir('kwf0OVGPKdU=')\">Aprovaci\u00f3 Inicial Instrucci\u00f3 implementaci\u00f3 apps per al pagament de la ORA<\/a>\n\t\t\t\t<br\/>\n\t\t\t\n\t\t\t\n\t\t\t\n\t\t\t\n\t\t\t\n\t\t\t\n\t\t\t\n\t\t\t\t> <a href=\"javascript:abrir('j7VG09joOwM=')\">15.01<\/a>\n\t\t\t\tNorma criteris comuns per a determinar situacions d&#39;exclusi\u00f3 social-vulnerabilitat <br\/>\n\t\t\t\n\t\t\t\n\t\t\t\n\t\t\t\n\t\t\t\n\t\t\t\n\t\t\t\n\t\t\t\t> <a href=\"javascript:abrir('+AuSLyx1XRc=')\">Circular nova llei de protecci\u00f3 de dades_001<\/a>\n\t\t\t\t<br\/>\n\t\t\t\n\t\t\t\n\t\t\t\n\t\t\t\n\t\t\t\n\t\t\t\n\t\t\t\n\t\t\t\t> <a href=\"javascript:abrir('uf3hV5Cj\/rE=')\">Nomenament Secretari Accidental<\/a>\n\t\t\t\t<br\/>\n\t\t\t\n\t\t\t\n\t\t\t\n\t\t\t\n\t\t\t\n\t\t\t\n\t\t\t\n\t\t\t\t> <a href=\"javascript:abrir('9wV5yNoGXh0=')\">Circular sobre Incompatibilitats del Personal<\/a>\n\t\t\t\t<br\/>\n\t\t\t\n\t\t\t\n\t\t\t\n\t\t\t\n\t\t\t\n\t\t\t\n\t\t\t\n\t\t\t\t> <a href=\"javascript:abrir('+wc2DhswBnc=')\">Circular sobre Treballadors Contractats<\/a>\n\t\t\t\t<br\/>\n\t\t\t\n\t\t\t\n\t\t\t\n\t\t\t\n\t\t\t\n\t\t\t\n\t\t\n\n\t\t\n\n\t\t\n\n\n<\/body>\n<\/html>\n\n\n<\/div><\/div><\/div><\/div><\/div>\n","protected":false},"excerpt":{"rendered":"","protected":false},"author":9,"featured_media":0,"parent":11,"menu_order":0,"comment_status":"closed","ping_status":"closed","template":"","meta":{"footnotes":""},"class_list":["post-576","page","type-page","status-publish","hentry"],"_links":{"self":[{"href":"https:\/\/transparencia.algemesi.es\/index.php?rest_route=\/wp\/v2\/pages\/576","targetHints":{"allow":["GET"]}}],"collection":[{"href":"https:\/\/transparencia.algemesi.es\/index.php?rest_route=\/wp\/v2\/pages"}],"about":[{"href":"https:\/\/transparencia.algemesi.es\/index.php?rest_route=\/wp\/v2\/types\/page"}],"author":[{"embeddable":true,"href":"https:\/\/transparencia.algemesi.es\/index.php?rest_route=\/wp\/v2\/users\/9"}],"replies":[{"embeddable":true,"href":"https:\/\/transparencia.algemesi.es\/index.php?rest_route=%2Fwp%2Fv2%2Fcomments&post=576"}],"version-history":[{"count":18,"href":"https:\/\/transparencia.algemesi.es\/index.php?rest_route=\/wp\/v2\/pages\/576\/revisions"}],"predecessor-version":[{"id":610,"href":"https:\/\/transparencia.algemesi.es\/index.php?rest_route=\/wp\/v2\/pages\/576\/revisions\/610"}],"up":[{"embeddable":true,"href":"https:\/\/transparencia.algemesi.es\/index.php?rest_route=\/wp\/v2\/pages\/11"}],"wp:attachment":[{"href":"https:\/\/transparencia.algemesi.es\/index.php?rest_route=%2Fwp%2Fv2%2Fmedia&parent=576"}],"curies":[{"name":"wp","href":"https:\/\/api.w.org\/{rel}","templated":true}]}}