

{"id":5,"date":"2015-06-18T09:04:32","date_gmt":"2015-06-18T09:04:32","guid":{"rendered":"http:\/\/transparencia.algemesi.es\/?page_id=5"},"modified":"2022-02-22T12:00:33","modified_gmt":"2022-02-22T12:00:33","slug":"home","status":"publish","type":"page","link":"https:\/\/transparencia.algemesi.es\/","title":{"rendered":"Inici"},"content":{"rendered":"<div class=\"fusion-fullwidth fullwidth-box fusion-fullwidth-1  fusion-parallax-none hundred-percent-fullwidth\" style=\"border-color:#eae9e9;border-bottom-width: 0px;border-top-width: 0px;border-bottom-style: solid;border-top-style: solid;padding-bottom:20px;padding-top:20px;padding-left:0px;padding-right:0px;\"><style type=\"text\/css\" scoped=\"scoped\">.fusion-fullwidth-1 {\n                            padding-left: 0px !important;\n                            padding-right: 0px !important;\n                        }<\/style><div class=\"fusion-row\"><\/div><\/div><div class=\"fusion-fullwidth fullwidth-box fusion-fullwidth-2  fusion-parallax-fixed nonhundred-percent-fullwidth\" style=\"border-color:#e5e4e4;border-bottom-width: 0px;border-top-width: 0px;border-bottom-style: solid;border-top-style: solid;padding-bottom:0px;padding-top:0px;padding-left:0px;padding-right:0px;\"><style type=\"text\/css\" scoped=\"scoped\">.fusion-fullwidth-2 {\n                            padding-left: 0px !important;\n                            padding-right: 0px !important;\n                        }<\/style><div class=\"fusion-row\"><h1 style=\"text-align: center;\">Portal de la Transpar\u00e8ncia\u00a0<span class=\"fusion-tooltip tooltip-shortcode\" data-animation=\"\" data-delay=\"0\" data-placement=\"top\" data-title=\"Portal del Transparencia\" data-toggle=\"tooltip\" data-trigger=\"hover\"><\/span>Ajuntament d&#8217;Algemes\u00ed <span class=\"fusion-tooltip tooltip-shortcode\" data-animation=\"\" data-delay=\"0\" data-placement=\"top\" data-title=\"none\" data-toggle=\"tooltip\" data-trigger=\"hover\"><\/span><\/h1>\n<p style=\"text-align: center; margin-top: -10px; font-size: 18px; line-height: 27px;\"><em>La transpar\u00e8ncia i l&#8217;acc\u00e9s a la informaci\u00f3 p\u00fablica i les normes de bon govern han de ser els eixos fonamentals de qualsevol acci\u00f3 pol\u00edtica<\/em><\/p>\n<\/div><\/div><div class=\"fusion-fullwidth fullwidth-box fusion-fullwidth-3  fusion-parallax-none nonhundred-percent-fullwidth\" style=\"border-color:#eae9e9;border-bottom-width: 0px;border-top-width: 0px;border-bottom-style: solid;border-top-style: solid;padding-bottom:20px;padding-top:20px;padding-left:0px;padding-right:0px;\"><style type=\"text\/css\" scoped=\"scoped\">.fusion-fullwidth-3 {\n                            padding-left: 0px !important;\n                            padding-right: 0px !important;\n                        }<\/style><div class=\"fusion-row\"><div class=\"fusion-sep-clear\"><\/div><div class=\"fusion-separator fusion-full-width-sep sep-none\" style=\"border-color:#e0dede;margin-left: auto;margin-right: auto;margin-top:10px;margin-bottom:10px;\"><\/div><div class=\"container\">\n<div class=\"template-page content av-content-full alpha units\">\n<div class=\"post-entry post-entry-type-page post-entry-9\">\n<div class=\"entry-content-wrapper clearfix\">\n<div class=\"flex_column av_one_half first avia-builder-el-2 el_before_av_one_half avia-builder-el-first \">\n<section class=\"av_textblock_section\">\n<div class=\"avia_textblock \">\n<p>L&#8217;Ajuntament d&#8217;Algemes\u00ed publica, per mitj\u00e0 d&#8217;aquest portal, de forma peri\u00f2dica i actualitzada, informaci\u00f3 rellevant per a garantir la transpar\u00e8ncia de la seua activitat, relacionada amb el funcionament i el control de la seua actuaci\u00f3 p\u00fablica. Amb aquest portal pretenem que els requeriments de m\u00e9s transpar\u00e8ncia, rigor i \u00e8tica p\u00fablica que les societats exigixen hui a governs i institucions p\u00fabliques i el necessari compliment de la Llei 19\/2013, de transpar\u00e8ncia, acc\u00e9s a la informaci\u00f3 p\u00fablica i bon govern, es complisquen al m\u00e0xim en la nostra corporaci\u00f3.<\/p>\n<\/div>\n<\/section>\n<\/div>\n<\/div>\n<\/div>\n<\/div>\n<\/div>\n<\/div><\/div><div class=\"fusion-fullwidth fullwidth-box fusion-fullwidth-4  fusion-parallax-fixed nonhundred-percent-fullwidth\" style=\"border-color:#;border-bottom-width: 0px;border-top-width: 0px;border-bottom-style: solid;border-top-style: solid;padding-bottom:35px;padding-top:30px;padding-left:0px;padding-right:0px;background-color:#3d3c3c;\"><style type=\"text\/css\" scoped=\"scoped\">.fusion-fullwidth-4 {\n                            padding-left: 0px !important;\n                            padding-right: 0px !important;\n                        }<\/style><div class=\"fusion-row\"><h1 style=\"text-align: center; font-size: 30px !important; color: #fff !important;\"><span style=\"color: #99cc00;\">\u00c0rees de consulta del portal de transpar\u00e8ncia<\/span><\/h1>\n<p style=\"text-align: center; margin-top: -10px; font-size: 17px !important; line-height: 24px !important; color: #b1b1b1 !important;\">Consulte els continguts per \u00e0rees<\/p>\n<\/div><\/div><div class=\"fusion-section-separator section-separator\" style=\"border-bottom:1px solid #3d3c3c;\"><div class=\"divider-candy-arrow bottom\" style=\"top:0px;border-top-color: #3d3c3c;\"><\/div><div class=\"divider-candy bottom\" style=\"bottom:-21px;border-bottom:1px solid #3d3c3c;border-left:1px solid #3d3c3c;\"><\/div><\/div><div class=\"fusion-fullwidth fullwidth-box fusion-fullwidth-5  fusion-parallax-none nonhundred-percent-fullwidth\" style=\"border-color:#eae9e9;border-bottom-width: 0px;border-top-width: 0px;border-bottom-style: solid;border-top-style: solid;padding-bottom:20px;padding-top:20px;padding-left:0px;padding-right:0px;\"><style type=\"text\/css\" scoped=\"scoped\">.fusion-fullwidth-5 {\n                            padding-left: 0px !important;\n                            padding-right: 0px !important;\n                        }<\/style><div class=\"fusion-row\"><div class=\"fusion-flip-boxes flip-boxes row fusion-columns-4\"><div class=\"fusion-flip-box-wrapper fusion-column col-lg-3 col-md-3 col-sm-3\"><div class=\"fusion-flip-box\"><div class=\"flip-box-inner-wrapper\"><div class=\"flip-box-front\" style=\"background-color:#f6f6f6;border-color:transparent;border-radius:4px;border-style:solid;border-width:1px;color:#747474;\"><div class=\"flip-box-front-inner\"><div class=\"flip-box-grafix flip-box-circle\" style=\"background-color:#333333;border-color:#333333;\"><i class=\"fa fa-compress\" style=\"color:#ffffff;\"><\/i><\/div><h2 class=\"flip-box-heading\" style=\"color:#333333;\">Govern i Administraci\u00f3<\/h2>La instituci\u00f3, la seua organitzaci\u00f3, planificaci\u00f3 i personal<\/div><\/div><div class=\"flip-box-back\" style=\"background-color:#9e9e9e;border-color:transparent;border-radius:4px;border-style:solid;border-width:1px;color:#ffffff;\"><div class=\"flip-box-back-inner\"><h3 class=\"flip-box-heading-back\" style=\"color:#eeeded;\">La instituci\u00f3, la seua organitzaci\u00f3, planificaci\u00f3 i personal<\/h3><span style=\"color: #000000;\"><a style=\"color: #000000;\" href=\"http:\/\/transparencia.algemesi.es\/?page_id=7\">Informaci\u00f3 sobre l&#8217;equip de govern i l&#8217;estructura administrativa local<\/a><\/span><\/div><\/div><\/div><\/div><\/div><div class=\"fusion-flip-box-wrapper fusion-column col-lg-3 col-md-3 col-sm-3\"><div class=\"fusion-flip-box\"><div class=\"flip-box-inner-wrapper\"><div class=\"flip-box-front\" style=\"background-color:#f6f6f6;border-color:transparent;border-radius:4px;border-style:solid;border-width:1px;color:#747474;\"><div class=\"flip-box-front-inner\"><div class=\"flip-box-grafix flip-box-circle\" style=\"background-color:#333333;border-color:#333333;\"><i class=\"fa fa-users\" style=\"color:#ffffff;\"><\/i><\/div><h2 class=\"flip-box-heading\" style=\"color:#333333;\">Ciutadans i Societat<\/h2>Informaci\u00f3 sobre relacions amb els ciutadans i la societat<\/div><\/div><div class=\"flip-box-back\" style=\"background-color:#9e9e9e;border-color:transparent;border-radius:4px;border-style:solid;border-width:1px;color:#ffffff;\"><div class=\"flip-box-back-inner\"><h3 class=\"flip-box-heading-back\" style=\"color:#eeeded;\">Informaci\u00f3 sobre relacions amb els ciutadans i la societat<\/h3><span style=\"color: #000000;\"><a style=\"color: #000000;\" href=\"http:\/\/transparencia.algemesi.es\/?page_id=9\">Informaci\u00f3 sobre relacions amb els ciutadans i la societat<\/a><\/span><\/div><\/div><\/div><\/div><\/div><div class=\"fusion-flip-box-wrapper fusion-column col-lg-3 col-md-3 col-sm-3\"><div class=\"fusion-flip-box\"><div class=\"flip-box-inner-wrapper\"><div class=\"flip-box-front\" style=\"background-color:#f6f6f6;border-color:transparent;border-radius:4px;border-style:solid;border-width:1px;color:#747474;\"><div class=\"flip-box-front-inner\"><div class=\"flip-box-grafix flip-box-circle\" style=\"background-color:#333333;border-color:#333333;\"><i class=\"fa fa-gavel\" style=\"color:#ffffff;\"><\/i><\/div><h2 class=\"flip-box-heading\" style=\"color:#333333;\">Jur\u00eddic i Patrimonial<\/h2>Informaci\u00f3 de rellev\u00e0ncia jur\u00eddica i patrimonial<\/div><\/div><div class=\"flip-box-back\" style=\"background-color:#9e9e9e;border-color:transparent;border-radius:4px;border-style:solid;border-width:1px;color:#ffffff;\"><div class=\"flip-box-back-inner\"><h3 class=\"flip-box-heading-back\" style=\"color:#eeeded;\">Informaci\u00f3 de rellev\u00e0ncia jur\u00eddica i patrimonial<\/h3><span style=\"color: #000000;\"><a style=\"color: #000000;\" href=\"http:\/\/transparencia.algemesi.es\/?page_id=11\">Informaci\u00f3 de rellev\u00e0ncia jur\u00eddica i patrimonial<\/a><\/span><\/div><\/div><\/div><\/div><\/div><div class=\"fusion-flip-box-wrapper fusion-column col-lg-3 col-md-3 col-sm-3\"><div class=\"fusion-flip-box\"><div class=\"flip-box-inner-wrapper\"><div class=\"flip-box-front\" style=\"background-color:#f6f6f6;border-color:transparent;border-radius:4px;border-style:solid;border-width:1px;color:#747474;\"><div class=\"flip-box-front-inner\"><div class=\"flip-box-grafix flip-box-circle\" style=\"background-color:#333333;border-color:#333333;\"><i class=\"fa fa-money\" style=\"color:#ffffff;\"><\/i><\/div><h2 class=\"flip-box-heading\" style=\"color:#333333;\">Economia i Pressupostos<\/h2>L'activitat econ\u00f2mica, financera i pressupost\u00e0ria<\/div><\/div><div class=\"flip-box-back\" style=\"background-color:#9e9e9e;border-color:transparent;border-radius:4px;border-style:solid;border-width:1px;color:#ffffff;\"><div class=\"flip-box-back-inner\"><h3 class=\"flip-box-heading-back\" style=\"color:#eeeded;\">L'activitat econ\u00f2mica, financera i pressupost\u00e0ria<\/h3><span style=\"color: #000000;\"><a style=\"color: #000000;\" href=\"http:\/\/transparencia.algemesi.es\/?page_id=13\">Informaci\u00f3 sobre l&#8217;activitat econ\u00f2mica, financera i pressupost\u00e0ria<\/a><\/span><\/div><\/div><\/div><\/div><\/div><\/div><div class=\"fusion-clearfix\"><\/div><div class=\"fusion-flip-boxes flip-boxes row fusion-columns-3\"><div class=\"fusion-flip-box-wrapper fusion-column col-lg-4 col-md-4 col-sm-4\"><div class=\"fusion-flip-box\"><div class=\"flip-box-inner-wrapper\"><div class=\"flip-box-front\" style=\"background-color:#f6f6f6;border-color:transparent;border-radius:4px;border-style:solid;border-width:1px;color:#747474;\"><div class=\"flip-box-front-inner\"><div class=\"flip-box-grafix flip-box-circle\" style=\"background-color:#333333;border-color:#333333;\"><i class=\"fa fa-briefcase\" style=\"color:#ffffff;\"><\/i><\/div><h2 class=\"flip-box-heading\" style=\"color:#333333;\">Contractaci\u00f3 i Convenis<\/h2>Informaci\u00f3 sobre contractaci\u00f3, convenis i subvencions<\/div><\/div><div class=\"flip-box-back\" style=\"background-color:#9e9e9e;border-color:transparent;border-radius:4px;border-style:solid;border-width:1px;color:#ffffff;\"><div class=\"flip-box-back-inner\"><h3 class=\"flip-box-heading-back\" style=\"color:#eeeded;\">Informaci\u00f3 sobre contractaci\u00f3, convenis i subvencions<\/h3><span style=\"color: #000000;\"><a style=\"color: #000000;\" href=\"http:\/\/transparencia.algemesi.es\/?page_id=15\">Informaci\u00f3 sobre contractaci\u00f3, convenis i subvencions<\/a><\/span><\/div><\/div><\/div><\/div><\/div><div class=\"fusion-flip-box-wrapper fusion-column col-lg-4 col-md-4 col-sm-4\"><div class=\"fusion-flip-box\"><div class=\"flip-box-inner-wrapper\"><div class=\"flip-box-front\" style=\"background-color:#f6f6f6;border-color:transparent;border-radius:4px;border-style:solid;border-width:1px;color:#747474;\"><div class=\"flip-box-front-inner\"><div class=\"flip-box-grafix flip-box-circle\" style=\"background-color:#333333;border-color:#333333;\"><i class=\"fa fa-building-o\" style=\"color:#ffffff;\"><\/i><\/div><h2 class=\"flip-box-heading\" style=\"color:#333333;\">Urbanisme i Medi Ambient<\/h2>Informaci\u00f3 mediambiental i urban\u00edstica<\/div><\/div><div class=\"flip-box-back\" style=\"background-color:#9e9e9e;border-color:transparent;border-radius:4px;border-style:solid;border-width:1px;color:#ffffff;\"><div class=\"flip-box-back-inner\"><h3 class=\"flip-box-heading-back\" style=\"color:#eeeded;\">Informaci\u00f3 mediambiental i urban\u00edstica<\/h3><span style=\"color: #000000;\"><a style=\"color: #000000;\" href=\"http:\/\/transparencia.algemesi.es\/?page_id=17\">Informaci\u00f3 mediambiental i urban\u00edstica<\/a><\/span><\/div><\/div><\/div><\/div><\/div><div class=\"fusion-flip-box-wrapper fusion-column col-lg-4 col-md-4 col-sm-4\"><div class=\"fusion-flip-box\"><div class=\"flip-box-inner-wrapper\"><div class=\"flip-box-front\" style=\"background-color:#f6f6f6;border-color:transparent;border-radius:4px;border-style:solid;border-width:1px;color:#747474;\"><div class=\"flip-box-front-inner\"><div class=\"flip-box-grafix flip-box-circle\" style=\"background-color:#333333;border-color:#333333;\"><i class=\"fa fa-puzzle-piece\" style=\"color:#ffffff;\"><\/i><\/div><h2 class=\"flip-box-heading\" style=\"color:#333333;\">Serveis i Procediments<\/h2>Informaci\u00f3 sobre serveis i procediments municipals<\/div><\/div><div class=\"flip-box-back\" style=\"background-color:#9e9e9e;border-color:transparent;border-radius:4px;border-style:solid;border-width:1px;color:#ffffff;\"><div class=\"flip-box-back-inner\"><h3 class=\"flip-box-heading-back\" style=\"color:#eeeded;\">Informaci\u00f3 sobre serveis i procediments municipals<\/h3><span style=\"color: #000000;\"><a style=\"color: #000000;\" href=\"http:\/\/transparencia.algemesi.es\/?page_id=19\">Informaci\u00f3 sobre serveis i procediments municipals<\/a><\/span><\/div><\/div><\/div><\/div><\/div><\/div><div class=\"fusion-clearfix\"><\/div><\/div><\/div><div class=\"fusion-section-separator section-separator\" style=\"border-bottom:1px solid #a0ce4e;\"><div class=\"divider-candy-arrow bottom\" style=\"top:0px;border-top-color: #a0ce4e;\"><\/div><div class=\"divider-candy bottom\" style=\"bottom:-21px;border-bottom:1px solid #a0ce4e;border-left:1px solid #a0ce4e;\"><\/div><\/div><\/p>\n","protected":false},"excerpt":{"rendered":"","protected":false},"author":11,"featured_media":0,"parent":0,"menu_order":0,"comment_status":"open","ping_status":"open","template":"100-width.php","meta":{"footnotes":""},"class_list":["post-5","page","type-page","status-publish","hentry"],"_links":{"self":[{"href":"https:\/\/transparencia.algemesi.es\/index.php?rest_route=\/wp\/v2\/pages\/5","targetHints":{"allow":["GET"]}}],"collection":[{"href":"https:\/\/transparencia.algemesi.es\/index.php?rest_route=\/wp\/v2\/pages"}],"about":[{"href":"https:\/\/transparencia.algemesi.es\/index.php?rest_route=\/wp\/v2\/types\/page"}],"author":[{"embeddable":true,"href":"https:\/\/transparencia.algemesi.es\/index.php?rest_route=\/wp\/v2\/users\/11"}],"replies":[{"embeddable":true,"href":"https:\/\/transparencia.algemesi.es\/index.php?rest_route=%2Fwp%2Fv2%2Fcomments&post=5"}],"version-history":[{"count":68,"href":"https:\/\/transparencia.algemesi.es\/index.php?rest_route=\/wp\/v2\/pages\/5\/revisions"}],"predecessor-version":[{"id":979,"href":"https:\/\/transparencia.algemesi.es\/index.php?rest_route=\/wp\/v2\/pages\/5\/revisions\/979"}],"wp:attachment":[{"href":"https:\/\/transparencia.algemesi.es\/index.php?rest_route=%2Fwp%2Fv2%2Fmedia&parent=5"}],"curies":[{"name":"wp","href":"https:\/\/api.w.org\/{rel}","templated":true}]}}